{"id":354,"date":"2025-07-30T00:00:49","date_gmt":"2025-07-30T00:00:49","guid":{"rendered":"https:\/\/agenciacew.com.br\/projetos\/mpro\/?page_id=354"},"modified":"2025-10-20T17:50:35","modified_gmt":"2025-10-20T17:50:35","slug":"servicos","status":"publish","type":"page","link":"https:\/\/agenciacew.com.br\/projetos\/mpro\/servicos\/","title":{"rendered":"Servi\u00e7os"},"content":{"rendered":"\t\t<div data-elementor-type=\"wp-page\" data-elementor-id=\"354\" class=\"elementor elementor-354\" data-elementor-post-type=\"page\">\n\t\t\t\t<div class=\"elementor-element elementor-element-481295ec e-flex e-con-boxed e-con e-parent\" data-id=\"481295ec\" data-element_type=\"container\" data-settings=\"{&quot;background_background&quot;:&quot;classic&quot;}\">\n\t\t\t\t\t<div class=\"e-con-inner\">\n\t\t<div class=\"elementor-element elementor-element-483dd8c8 e-con-full e-flex e-con e-child\" data-id=\"483dd8c8\" data-element_type=\"container\">\n\t\t<div class=\"elementor-element elementor-element-30f2353f e-con-full e-flex e-con e-child\" data-id=\"30f2353f\" data-element_type=\"container\">\n\t\t\t\t<div class=\"elementor-element elementor-element-1db344a1 elementor-widget__width-initial elementor-widget elementor-widget-heading\" data-id=\"1db344a1\" data-element_type=\"widget\" data-widget_type=\"heading.default\">\n\t\t\t\t\t<h1 class=\"elementor-heading-title elementor-size-default\">Servi\u00e7os<\/h1>\t\t\t\t<\/div>\n\t\t<div class=\"elementor-element elementor-element-b81322a e-con-full e-flex e-con e-child\" data-id=\"b81322a\" data-element_type=\"container\">\n\t\t\t\t<div class=\"elementor-element elementor-element-2757caae elementor-widget elementor-widget-text-editor\" data-id=\"2757caae\" data-element_type=\"widget\" data-widget_type=\"text-editor.default\">\n\t\t\t\t\t\t\t\t\t<p>Home<\/p>\t\t\t\t\t\t\t\t<\/div>\n\t\t\t\t<div class=\"elementor-element elementor-element-30c2f5cc elementor-widget elementor-widget-text-editor\" data-id=\"30c2f5cc\" data-element_type=\"widget\" data-widget_type=\"text-editor.default\">\n\t\t\t\t\t\t\t\t\tServi\u00e7os\t\t\t\t\t\t\t\t<\/div>\n\t\t\t\t<div class=\"elementor-element elementor-element-6b223c70 elementor-view-default elementor-widget elementor-widget-icon\" data-id=\"6b223c70\" data-element_type=\"widget\" data-widget_type=\"icon.default\">\n\t\t\t\t\t\t\t<div class=\"elementor-icon-wrapper\">\n\t\t\t<div class=\"elementor-icon\">\n\t\t\t<svg aria-hidden=\"true\" class=\"e-font-icon-svg e-fas-chevron-right\" viewBox=\"0 0 320 512\" xmlns=\"http:\/\/www.w3.org\/2000\/svg\"><path d=\"M285.476 272.971L91.132 467.314c-9.373 9.373-24.569 9.373-33.941 0l-22.667-22.667c-9.357-9.357-9.375-24.522-.04-33.901L188.505 256 34.484 101.255c-9.335-9.379-9.317-24.544.04-33.901l22.667-22.667c9.373-9.373 24.569-9.373 33.941 0L285.475 239.03c9.373 9.372 9.373 24.568.001 33.941z\"><\/path><\/svg>\t\t\t<\/div>\n\t\t<\/div>\n\t\t\t\t\t\t<\/div>\n\t\t\t\t<\/div>\n\t\t\t\t<\/div>\n\t\t\t\t<\/div>\n\t\t\t\t\t<\/div>\n\t\t\t\t<\/div>\n\t\t<div class=\"elementor-element elementor-element-6a3e491 e-flex e-con-boxed e-con e-parent\" data-id=\"6a3e491\" data-element_type=\"container\">\n\t\t\t\t\t<div class=\"e-con-inner\">\n\t\t<div class=\"elementor-element elementor-element-550e53a e-con-full e-flex e-con e-child\" data-id=\"550e53a\" data-element_type=\"container\">\n\t\t\t\t<div class=\"elementor-element elementor-element-ed13cfc elementor-widget elementor-widget-text-editor\" data-id=\"ed13cfc\" data-element_type=\"widget\" data-widget_type=\"text-editor.default\">\n\t\t\t\t\t\t\t\t\t<p style=\"text-align: left;\" data-start=\"256\" data-end=\"576\">Na Mergulho Pro Consultoria, oferecemos solu\u00e7\u00f5es completas em mergulho comercial e consultoria especializada, sempre com foco em seguran\u00e7a, efici\u00eancia e conformidade regulat\u00f3ria. Atuamos de acordo com as normas nacionais e internacionais que regem a atividade, garantindo a m\u00e1xima qualidade em cada opera\u00e7\u00e3o.<\/p><h2 style=\"text-align: left;\" data-start=\"578\" data-end=\"619\"><strong data-start=\"581\" data-end=\"619\">Inspe\u00e7\u00e3o, Manuten\u00e7\u00e3o e Interven\u00e7\u00e3o<\/strong><\/h2><p data-start=\"620\" data-end=\"886\">Realizamos inspe\u00e7\u00f5es subaqu\u00e1ticas detalhadas, manuten\u00e7\u00e3o preventiva e corretiva, al\u00e9m de interven\u00e7\u00f5es em estruturas mar\u00edtimas, navais e offshore. Nossa equipe utiliza tecnologia de ponta e segue rigorosos protocolos de seguran\u00e7a para assegurar resultados confi\u00e1veis.<\/p><h2 style=\"text-align: left;\" data-start=\"888\" data-end=\"922\"><strong data-start=\"891\" data-end=\"922\">Servi\u00e7os Offshore e Onshore<\/strong><\/h2><p data-start=\"923\" data-end=\"1169\">Atendemos demandas em unidades mar\u00edtimas, portos, estaleiros e estruturas civis submersas. Seja em \u00e1guas abrigadas ou em alto-mar, nossos profissionais est\u00e3o preparados para atuar em diferentes cen\u00e1rios, respeitando prazos e padr\u00f5es de qualidade.<\/p><h2 style=\"text-align: left;\" data-start=\"1781\" data-end=\"1811\"><strong data-start=\"1784\" data-end=\"1811\">Atendimento Sob Demanda<\/strong><\/h2><p data-start=\"1812\" data-end=\"1963\">Estamos dispon\u00edveis tanto para servi\u00e7os planejados quanto para atendimentos emergenciais, garantindo agilidade e suporte t\u00e9cnico em situa\u00e7\u00f5es cr\u00edticas.<\/p>\t\t\t\t\t\t\t\t<\/div>\n\t\t\t\t<\/div>\n\t\t<div class=\"elementor-element elementor-element-37fe281 e-con-full e-flex e-con e-child\" data-id=\"37fe281\" data-element_type=\"container\">\n\t\t\t\t<div class=\"elementor-element elementor-element-ce1eec6 elementor-widget elementor-widget-image\" data-id=\"ce1eec6\" data-element_type=\"widget\" data-widget_type=\"image.default\">\n\t\t\t\t\t\t\t\t\t\t\t\t\t\t\t<img fetchpriority=\"high\" decoding=\"async\" width=\"576\" height=\"1024\" src=\"https:\/\/agenciacew.com.br\/projetos\/mpro\/wp-content\/uploads\/2025\/09\/Imagem-do-WhatsApp-de-2025-07-31-as-17.37.53_4c2384af-576x1024.jpg\" class=\"attachment-large size-large wp-image-2481\" alt=\"\" srcset=\"https:\/\/agenciacew.com.br\/projetos\/mpro\/wp-content\/uploads\/2025\/09\/Imagem-do-WhatsApp-de-2025-07-31-as-17.37.53_4c2384af-576x1024.jpg 576w, https:\/\/agenciacew.com.br\/projetos\/mpro\/wp-content\/uploads\/2025\/09\/Imagem-do-WhatsApp-de-2025-07-31-as-17.37.53_4c2384af-169x300.jpg 169w, https:\/\/agenciacew.com.br\/projetos\/mpro\/wp-content\/uploads\/2025\/09\/Imagem-do-WhatsApp-de-2025-07-31-as-17.37.53_4c2384af-768x1365.jpg 768w, https:\/\/agenciacew.com.br\/projetos\/mpro\/wp-content\/uploads\/2025\/09\/Imagem-do-WhatsApp-de-2025-07-31-as-17.37.53_4c2384af-864x1536.jpg 864w, https:\/\/agenciacew.com.br\/projetos\/mpro\/wp-content\/uploads\/2025\/09\/Imagem-do-WhatsApp-de-2025-07-31-as-17.37.53_4c2384af.jpg 900w\" sizes=\"(max-width: 576px) 100vw, 576px\" \/>\t\t\t\t\t\t\t\t\t\t\t\t\t\t\t<\/div>\n\t\t\t\t<\/div>\n\t\t\t\t\t<\/div>\n\t\t\t\t<\/div>\n\t\t<div class=\"elementor-element elementor-element-2d4fc3ee e-flex e-con-boxed e-con e-parent\" data-id=\"2d4fc3ee\" data-element_type=\"container\" data-settings=\"{&quot;background_background&quot;:&quot;classic&quot;}\">\n\t\t\t\t\t<div class=\"e-con-inner\">\n\t\t<div class=\"elementor-element elementor-element-2d4275b4 e-con-full e-flex e-con e-child\" data-id=\"2d4275b4\" data-element_type=\"container\">\n\t\t\t\t<div class=\"elementor-element elementor-element-541a51a9 elementor-widget elementor-widget-heading\" data-id=\"541a51a9\" data-element_type=\"widget\" data-widget_type=\"heading.default\">\n\t\t\t\t\t<h2 class=\"elementor-heading-title elementor-size-default\">\u00c1reas de atua\u00e7\u00e3o<\/h2>\t\t\t\t<\/div>\n\t\t\t\t<div class=\"elementor-element elementor-element-6d78796f elementor-widget__width-initial elementor-widget-mobile__width-initial elementor-widget elementor-widget-heading\" data-id=\"6d78796f\" data-element_type=\"widget\" data-widget_type=\"heading.default\">\n\t\t\t\t\t<h2 class=\"elementor-heading-title elementor-size-default\">Somos uma empresa brasileira de mergulho profissional que traz solu\u00e7\u00f5es especializadas<\/h2>\t\t\t\t<\/div>\n\t\t\t\t<\/div>\n\t\t<div class=\"elementor-element elementor-element-62ba67c0 e-con-full e-flex e-con e-child\" data-id=\"62ba67c0\" data-element_type=\"container\">\n\t\t<div class=\"elementor-element elementor-element-4199b900 e-con-full e-flex e-con e-child\" data-id=\"4199b900\" data-element_type=\"container\">\n\t\t<div class=\"elementor-element elementor-element-51bdda0b e-con-full e-flex e-con e-child\" data-id=\"51bdda0b\" data-element_type=\"container\">\n\t\t<div class=\"elementor-element elementor-element-436fca34 e-con-full e-flex e-con e-child\" data-id=\"436fca34\" data-element_type=\"container\">\n\t\t<div class=\"elementor-element elementor-element-38da495e e-con-full e-flex e-con e-child\" data-id=\"38da495e\" data-element_type=\"container\" data-settings=\"{&quot;background_background&quot;:&quot;classic&quot;}\">\n\t\t\t\t<\/div>\n\t\t<div class=\"elementor-element elementor-element-26ef4dc3 e-con-full e-flex e-con e-child\" data-id=\"26ef4dc3\" data-element_type=\"container\" data-settings=\"{&quot;background_background&quot;:&quot;classic&quot;}\">\n\t\t\t\t<div class=\"elementor-element elementor-element-23eb92e5 elementor-widget elementor-widget-heading\" data-id=\"23eb92e5\" data-element_type=\"widget\" data-widget_type=\"heading.default\">\n\t\t\t\t\t<h2 class=\"elementor-heading-title elementor-size-default\">Inspe\u00e7\u00e3o e manuten\u00e7\u00e3o naval<\/h2>\t\t\t\t<\/div>\n\t\t\t\t<div class=\"elementor-element elementor-element-2547205f elementor-widget elementor-widget-text-editor\" data-id=\"2547205f\" data-element_type=\"widget\" data-widget_type=\"text-editor.default\">\n\t\t\t\t\t\t\t\t\t<p>Servi\u00e7os subaqu\u00e1ticos precisos para garantir a seguran\u00e7a e performance.<\/p>\t\t\t\t\t\t\t\t<\/div>\n\t\t\t\t<div class=\"elementor-element elementor-element-537ff4f0 elementor-align-center elementor-widget elementor-widget-button\" data-id=\"537ff4f0\" data-element_type=\"widget\" data-widget_type=\"button.default\">\n\t\t\t\t\t\t\t\t\t\t<a class=\"elementor-button elementor-button-link elementor-size-sm\" href=\"https:\/\/agenciacew.com.br\/projetos\/mpro\/inspecao-e-manutencao-naval\/\">\n\t\t\t\t\t\t<span class=\"elementor-button-content-wrapper\">\n\t\t\t\t\t\t\t\t\t<span class=\"elementor-button-text\">Leia mais<\/span>\n\t\t\t\t\t<\/span>\n\t\t\t\t\t<\/a>\n\t\t\t\t\t\t\t\t<\/div>\n\t\t\t\t<\/div>\n\t\t\t\t<\/div>\n\t\t<div class=\"elementor-element elementor-element-72c110eb e-con-full e-flex e-con e-child\" data-id=\"72c110eb\" data-element_type=\"container\">\n\t\t<div class=\"elementor-element elementor-element-56e3768a e-con-full e-flex e-con e-child\" data-id=\"56e3768a\" data-element_type=\"container\" data-settings=\"{&quot;background_background&quot;:&quot;classic&quot;}\">\n\t\t\t\t<\/div>\n\t\t<div class=\"elementor-element elementor-element-3c4e1da7 e-con-full e-flex e-con e-child\" data-id=\"3c4e1da7\" data-element_type=\"container\" data-settings=\"{&quot;background_background&quot;:&quot;classic&quot;}\">\n\t\t\t\t<div class=\"elementor-element elementor-element-46329e13 elementor-widget elementor-widget-heading\" data-id=\"46329e13\" data-element_type=\"widget\" data-widget_type=\"heading.default\">\n\t\t\t\t\t<h2 class=\"elementor-heading-title elementor-size-default\">Obras de Engenharia<\/h2>\t\t\t\t<\/div>\n\t\t\t\t<div class=\"elementor-element elementor-element-304c4597 elementor-widget elementor-widget-text-editor\" data-id=\"304c4597\" data-element_type=\"widget\" data-widget_type=\"text-editor.default\">\n\t\t\t\t\t\t\t\t\t<p>Solu\u00e7\u00f5es subaqu\u00e1ticas para constru\u00e7\u00e3o e reparos complexos.<\/p><p>\u00a0<\/p>\t\t\t\t\t\t\t\t<\/div>\n\t\t\t\t<div class=\"elementor-element elementor-element-1f033d86 elementor-align-center elementor-widget elementor-widget-button\" data-id=\"1f033d86\" data-element_type=\"widget\" data-widget_type=\"button.default\">\n\t\t\t\t\t\t\t\t\t\t<a class=\"elementor-button elementor-button-link elementor-size-sm\" href=\"https:\/\/agenciacew.com.br\/projetos\/mpro\/obras-de-engenharia\/\">\n\t\t\t\t\t\t<span class=\"elementor-button-content-wrapper\">\n\t\t\t\t\t\t\t\t\t<span class=\"elementor-button-text\">Leia mais<\/span>\n\t\t\t\t\t<\/span>\n\t\t\t\t\t<\/a>\n\t\t\t\t\t\t\t\t<\/div>\n\t\t\t\t<\/div>\n\t\t\t\t<\/div>\n\t\t\t\t<\/div>\n\t\t<div class=\"elementor-element elementor-element-247b03f4 e-con-full e-flex e-con e-child\" data-id=\"247b03f4\" data-element_type=\"container\">\n\t\t<div class=\"elementor-element elementor-element-1e4240f7 e-con-full e-flex e-con e-child\" data-id=\"1e4240f7\" data-element_type=\"container\">\n\t\t<div class=\"elementor-element elementor-element-47c9e4dc e-con-full e-flex e-con e-child\" data-id=\"47c9e4dc\" data-element_type=\"container\" data-settings=\"{&quot;background_background&quot;:&quot;classic&quot;}\">\n\t\t\t\t<\/div>\n\t\t<div class=\"elementor-element elementor-element-3251139b e-con-full e-flex e-con e-child\" data-id=\"3251139b\" data-element_type=\"container\" data-settings=\"{&quot;background_background&quot;:&quot;classic&quot;}\">\n\t\t\t\t<div class=\"elementor-element elementor-element-16a97f36 elementor-widget elementor-widget-heading\" data-id=\"16a97f36\" data-element_type=\"widget\" data-widget_type=\"heading.default\">\n\t\t\t\t\t<h2 class=\"elementor-heading-title elementor-size-default\">Biomonitoramento<\/h2>\t\t\t\t<\/div>\n\t\t\t\t<div class=\"elementor-element elementor-element-38dd0829 elementor-widget elementor-widget-text-editor\" data-id=\"38dd0829\" data-element_type=\"widget\" data-widget_type=\"text-editor.default\">\n\t\t\t\t\t\t\t\t\t<p>An\u00e1lise e monitoramento de bioincrusta\u00e7\u00f5es com precis\u00e3o t\u00e9cnica.<\/p><p>\u00a0<\/p>\t\t\t\t\t\t\t\t<\/div>\n\t\t\t\t<div class=\"elementor-element elementor-element-260d062c elementor-align-center elementor-widget elementor-widget-button\" data-id=\"260d062c\" data-element_type=\"widget\" data-widget_type=\"button.default\">\n\t\t\t\t\t\t\t\t\t\t<a class=\"elementor-button elementor-button-link elementor-size-sm\" href=\"https:\/\/agenciacew.com.br\/projetos\/mpro\/biomonitoramento\/\">\n\t\t\t\t\t\t<span class=\"elementor-button-content-wrapper\">\n\t\t\t\t\t\t\t\t\t<span class=\"elementor-button-text\">Leia mais<\/span>\n\t\t\t\t\t<\/span>\n\t\t\t\t\t<\/a>\n\t\t\t\t\t\t\t\t<\/div>\n\t\t\t\t<\/div>\n\t\t\t\t<\/div>\n\t\t<div class=\"elementor-element elementor-element-3565c4b6 e-con-full e-flex e-con e-child\" data-id=\"3565c4b6\" data-element_type=\"container\">\n\t\t<div class=\"elementor-element elementor-element-2c4fd18f e-con-full e-flex e-con e-child\" data-id=\"2c4fd18f\" data-element_type=\"container\" data-settings=\"{&quot;background_background&quot;:&quot;classic&quot;}\">\n\t\t\t\t<\/div>\n\t\t<div class=\"elementor-element elementor-element-7a1f965f e-con-full e-flex e-con e-child\" data-id=\"7a1f965f\" data-element_type=\"container\" data-settings=\"{&quot;background_background&quot;:&quot;classic&quot;}\">\n\t\t\t\t<div class=\"elementor-element elementor-element-3c86e205 elementor-widget elementor-widget-heading\" data-id=\"3c86e205\" data-element_type=\"widget\" data-widget_type=\"heading.default\">\n\t\t\t\t\t<h2 class=\"elementor-heading-title elementor-size-default\">ROV<\/h2>\t\t\t\t<\/div>\n\t\t\t\t<div class=\"elementor-element elementor-element-4c8e4f2e elementor-widget elementor-widget-text-editor\" data-id=\"4c8e4f2e\" data-element_type=\"widget\" data-widget_type=\"text-editor.default\">\n\t\t\t\t\t\t\t\t\t<p>Inspe\u00e7\u00f5es eficazes com ve\u00edculos operados remotamente.<\/p><p>\u00a0<\/p>\t\t\t\t\t\t\t\t<\/div>\n\t\t\t\t<div class=\"elementor-element elementor-element-61907249 elementor-align-center elementor-widget elementor-widget-button\" data-id=\"61907249\" data-element_type=\"widget\" data-widget_type=\"button.default\">\n\t\t\t\t\t\t\t\t\t\t<a class=\"elementor-button elementor-button-link elementor-size-sm\" href=\"https:\/\/agenciacew.com.br\/projetos\/mpro\/curso-rov\/\">\n\t\t\t\t\t\t<span class=\"elementor-button-content-wrapper\">\n\t\t\t\t\t\t\t\t\t<span class=\"elementor-button-text\">Leia mais<\/span>\n\t\t\t\t\t<\/span>\n\t\t\t\t\t<\/a>\n\t\t\t\t\t\t\t\t<\/div>\n\t\t\t\t<\/div>\n\t\t\t\t<\/div>\n\t\t\t\t<\/div>\n\t\t\t\t<\/div>\n\t\t\t\t<\/div>\n\t\t\t\t\t<\/div>\n\t\t\t\t<\/div>\n\t\t\t\t<\/div>\n\t\t","protected":false},"excerpt":{"rendered":"<p>Home Na Mergulho Pro Consultoria, oferecemos solu\u00e7\u00f5es completas em mergulho comercial e consultoria especializada, sempre com foco em seguran\u00e7a, efici\u00eancia e conformidade regulat\u00f3ria. Atuamos de acordo com as normas nacionais e internacionais que regem a atividade, garantindo a m\u00e1xima qualidade em cada opera\u00e7\u00e3o. Inspe\u00e7\u00e3o, Manuten\u00e7\u00e3o e Interven\u00e7\u00e3o Realizamos inspe\u00e7\u00f5es subaqu\u00e1ticas detalhadas, manuten\u00e7\u00e3o preventiva e corretiva, [&hellip;]<\/p>\n","protected":false},"author":1,"featured_media":0,"parent":0,"menu_order":0,"comment_status":"closed","ping_status":"closed","template":"","meta":{"footnotes":""},"class_list":["post-354","page","type-page","status-publish","hentry"],"_links":{"self":[{"href":"https:\/\/agenciacew.com.br\/projetos\/mpro\/wp-json\/wp\/v2\/pages\/354","targetHints":{"allow":["GET"]}}],"collection":[{"href":"https:\/\/agenciacew.com.br\/projetos\/mpro\/wp-json\/wp\/v2\/pages"}],"about":[{"href":"https:\/\/agenciacew.com.br\/projetos\/mpro\/wp-json\/wp\/v2\/types\/page"}],"author":[{"embeddable":true,"href":"https:\/\/agenciacew.com.br\/projetos\/mpro\/wp-json\/wp\/v2\/users\/1"}],"replies":[{"embeddable":true,"href":"https:\/\/agenciacew.com.br\/projetos\/mpro\/wp-json\/wp\/v2\/comments?post=354"}],"version-history":[{"count":112,"href":"https:\/\/agenciacew.com.br\/projetos\/mpro\/wp-json\/wp\/v2\/pages\/354\/revisions"}],"predecessor-version":[{"id":2874,"href":"https:\/\/agenciacew.com.br\/projetos\/mpro\/wp-json\/wp\/v2\/pages\/354\/revisions\/2874"}],"wp:attachment":[{"href":"https:\/\/agenciacew.com.br\/projetos\/mpro\/wp-json\/wp\/v2\/media?parent=354"}],"curies":[{"name":"wp","href":"https:\/\/api.w.org\/{rel}","templated":true}]}}