{"id":2689,"date":"2025-09-29T02:06:06","date_gmt":"2025-09-29T02:06:06","guid":{"rendered":"https:\/\/agenciacew.com.br\/projetos\/mpro\/?page_id=2689"},"modified":"2025-10-20T17:44:45","modified_gmt":"2025-10-20T17:44:45","slug":"curso-rov","status":"publish","type":"page","link":"https:\/\/agenciacew.com.br\/projetos\/mpro\/curso-rov\/","title":{"rendered":"ROV"},"content":{"rendered":"\t\t<div data-elementor-type=\"wp-page\" data-elementor-id=\"2689\" class=\"elementor elementor-2689\" data-elementor-post-type=\"page\">\n\t\t\t\t<div class=\"elementor-element elementor-element-481295ec e-flex e-con-boxed e-con e-parent\" data-id=\"481295ec\" data-element_type=\"container\" data-settings=\"{&quot;background_background&quot;:&quot;classic&quot;}\">\n\t\t\t\t\t<div class=\"e-con-inner\">\n\t\t<div class=\"elementor-element elementor-element-483dd8c8 e-con-full e-flex e-con e-child\" data-id=\"483dd8c8\" data-element_type=\"container\">\n\t\t<div class=\"elementor-element elementor-element-30f2353f e-con-full e-flex e-con e-child\" data-id=\"30f2353f\" data-element_type=\"container\">\n\t\t\t\t<div class=\"elementor-element elementor-element-1db344a1 elementor-widget__width-initial elementor-widget elementor-widget-heading\" data-id=\"1db344a1\" data-element_type=\"widget\" data-widget_type=\"heading.default\">\n\t\t\t\t\t<h1 class=\"elementor-heading-title elementor-size-default\">ROV<\/h1>\t\t\t\t<\/div>\n\t\t<div class=\"elementor-element elementor-element-b81322a e-con-full e-flex e-con e-child\" data-id=\"b81322a\" data-element_type=\"container\">\n\t\t\t\t<div class=\"elementor-element elementor-element-2757caae elementor-widget elementor-widget-text-editor\" data-id=\"2757caae\" data-element_type=\"widget\" data-widget_type=\"text-editor.default\">\n\t\t\t\t\t\t\t\t\t<p>Servi\u00e7os<\/p>\t\t\t\t\t\t\t\t<\/div>\n\t\t\t\t<div class=\"elementor-element elementor-element-30c2f5cc elementor-widget elementor-widget-text-editor\" data-id=\"30c2f5cc\" data-element_type=\"widget\" data-widget_type=\"text-editor.default\">\n\t\t\t\t\t\t\t\t\tROV\t\t\t\t\t\t\t\t<\/div>\n\t\t\t\t<div class=\"elementor-element elementor-element-6b223c70 elementor-view-default elementor-widget elementor-widget-icon\" data-id=\"6b223c70\" data-element_type=\"widget\" data-widget_type=\"icon.default\">\n\t\t\t\t\t\t\t<div class=\"elementor-icon-wrapper\">\n\t\t\t<div class=\"elementor-icon\">\n\t\t\t<svg aria-hidden=\"true\" class=\"e-font-icon-svg e-fas-chevron-right\" viewBox=\"0 0 320 512\" xmlns=\"http:\/\/www.w3.org\/2000\/svg\"><path d=\"M285.476 272.971L91.132 467.314c-9.373 9.373-24.569 9.373-33.941 0l-22.667-22.667c-9.357-9.357-9.375-24.522-.04-33.901L188.505 256 34.484 101.255c-9.335-9.379-9.317-24.544.04-33.901l22.667-22.667c9.373-9.373 24.569-9.373 33.941 0L285.475 239.03c9.373 9.372 9.373 24.568.001 33.941z\"><\/path><\/svg>\t\t\t<\/div>\n\t\t<\/div>\n\t\t\t\t\t\t<\/div>\n\t\t\t\t<\/div>\n\t\t\t\t<\/div>\n\t\t\t\t<\/div>\n\t\t\t\t\t<\/div>\n\t\t\t\t<\/div>\n\t\t\t\t<section class=\"elementor-section elementor-top-section elementor-element elementor-element-041f1c1 elementor-section-content-middle elementor-section-boxed elementor-section-height-default elementor-section-height-default\" data-id=\"041f1c1\" data-element_type=\"section\" data-settings=\"{&quot;background_background&quot;:&quot;classic&quot;}\">\n\t\t\t\t\t\t<div class=\"elementor-container elementor-column-gap-no\">\n\t\t\t\t\t<div class=\"elementor-column elementor-col-50 elementor-top-column elementor-element elementor-element-c7f1423\" data-id=\"c7f1423\" data-element_type=\"column\" data-settings=\"{&quot;background_background&quot;:&quot;classic&quot;}\">\n\t\t\t<div class=\"elementor-widget-wrap elementor-element-populated\">\n\t\t\t\t\t\t<div class=\"elementor-element elementor-element-63524ef elementor-widget elementor-widget-heading\" data-id=\"63524ef\" data-element_type=\"widget\" data-widget_type=\"heading.default\">\n\t\t\t\t\t<h2 class=\"elementor-heading-title elementor-size-default\">ROV<\/h2>\t\t\t\t<\/div>\n\t\t\t\t<div class=\"elementor-element elementor-element-cc9442f elementor-widget elementor-widget-text-editor\" data-id=\"cc9442f\" data-element_type=\"widget\" data-widget_type=\"text-editor.default\">\n\t\t\t\t\t\t\t\t\t<p style=\"text-align: left;\" data-start=\"0\" data-end=\"311\">Inspe\u00e7\u00e3o com mini ROV: solu\u00e7\u00e3o r\u00e1pida, segura e econ\u00f4mica para avaliar estruturas sem precisar parar a opera\u00e7\u00e3o ou expor mergulhadores a risco. Nosso ROV compacto opera em \u00e1guas rasas e confinadas, transmitindo v\u00eddeo HD em tempo real para identificar condi\u00e7\u00f5es, registrar evid\u00eancias e apoiar decis\u00f5es imediatas.<\/p>\n<p data-start=\"313\" data-end=\"338\"><strong data-start=\"313\" data-end=\"338\">Aplica\u00e7\u00f5es principais<\/strong><\/p>\n<ul data-start=\"339\" data-end=\"646\">\n<li data-start=\"339\" data-end=\"442\">\n<p data-start=\"341\" data-end=\"442\">N\u00edvel de incrusta\u00e7\u00e3o: estimativa de cobertura, registro por setores\/frames e compara\u00e7\u00e3o antes\/depois.<\/p>\n<\/li>\n<li data-start=\"443\" data-end=\"540\">\n<p data-start=\"445\" data-end=\"540\">Inspe\u00e7\u00e3o de danos: casco, h\u00e9lices\/THs, anodos, revestimentos, soldas, grades de mar.<\/p>\n<\/li>\n<li data-start=\"541\" data-end=\"646\">\n<p data-start=\"543\" data-end=\"646\">Leito marinho: varredura de entorno, eros\u00e3o\/assoreamento, objetos\/sucata, cabos e tubula\u00e7\u00f5es aparentes.<\/p>\n<\/li>\n<\/ul>\t\t\t\t\t\t\t\t<\/div>\n\t\t\t\t<div class=\"elementor-element elementor-element-661fd43 elementor-widget-divider--view-line elementor-invisible elementor-widget elementor-widget-divider\" data-id=\"661fd43\" data-element_type=\"widget\" data-settings=\"{&quot;_animation&quot;:&quot;fadeInUp&quot;}\" data-widget_type=\"divider.default\">\n\t\t\t\t\t\t\t<div class=\"elementor-divider\">\n\t\t\t<span class=\"elementor-divider-separator\">\n\t\t\t\t\t\t<\/span>\n\t\t<\/div>\n\t\t\t\t\t\t<\/div>\n\t\t\t\t\t<\/div>\n\t\t<\/div>\n\t\t\t\t<div class=\"elementor-column elementor-col-50 elementor-top-column elementor-element elementor-element-8dcdb04\" data-id=\"8dcdb04\" data-element_type=\"column\">\n\t\t\t<div class=\"elementor-widget-wrap elementor-element-populated\">\n\t\t\t\t\t\t<div class=\"elementor-element elementor-element-1f8573d elementor-invisible elementor-widget elementor-widget-image\" data-id=\"1f8573d\" data-element_type=\"widget\" data-settings=\"{&quot;_animation&quot;:&quot;fadeIn&quot;}\" data-widget_type=\"image.default\">\n\t\t\t\t\t\t\t\t\t\t\t\t\t\t\t<img fetchpriority=\"high\" decoding=\"async\" width=\"1200\" height=\"1600\" src=\"https:\/\/agenciacew.com.br\/projetos\/mpro\/wp-content\/uploads\/2025\/10\/IMG-20250919-WA0023.jpg\" class=\"attachment-full size-full wp-image-2855\" alt=\"\" srcset=\"https:\/\/agenciacew.com.br\/projetos\/mpro\/wp-content\/uploads\/2025\/10\/IMG-20250919-WA0023.jpg 1200w, https:\/\/agenciacew.com.br\/projetos\/mpro\/wp-content\/uploads\/2025\/10\/IMG-20250919-WA0023-225x300.jpg 225w, https:\/\/agenciacew.com.br\/projetos\/mpro\/wp-content\/uploads\/2025\/10\/IMG-20250919-WA0023-768x1024.jpg 768w, https:\/\/agenciacew.com.br\/projetos\/mpro\/wp-content\/uploads\/2025\/10\/IMG-20250919-WA0023-1152x1536.jpg 1152w\" sizes=\"(max-width: 1200px) 100vw, 1200px\" \/>\t\t\t\t\t\t\t\t\t\t\t\t\t\t\t<\/div>\n\t\t\t\t\t<\/div>\n\t\t<\/div>\n\t\t\t\t\t<\/div>\n\t\t<\/section>\n\t\t\t\t<\/div>\n\t\t","protected":false},"excerpt":{"rendered":"<p>Servi\u00e7os ROV Inspe\u00e7\u00e3o com mini ROV: solu\u00e7\u00e3o r\u00e1pida, segura e econ\u00f4mica para avaliar estruturas sem precisar parar a opera\u00e7\u00e3o ou expor mergulhadores a risco. Nosso ROV compacto opera em \u00e1guas rasas e confinadas, transmitindo v\u00eddeo HD em tempo real para identificar condi\u00e7\u00f5es, registrar evid\u00eancias e apoiar decis\u00f5es imediatas. Aplica\u00e7\u00f5es principais N\u00edvel de incrusta\u00e7\u00e3o: estimativa de [&hellip;]<\/p>\n","protected":false},"author":1,"featured_media":0,"parent":0,"menu_order":0,"comment_status":"closed","ping_status":"closed","template":"","meta":{"footnotes":""},"class_list":["post-2689","page","type-page","status-publish","hentry"],"_links":{"self":[{"href":"https:\/\/agenciacew.com.br\/projetos\/mpro\/wp-json\/wp\/v2\/pages\/2689","targetHints":{"allow":["GET"]}}],"collection":[{"href":"https:\/\/agenciacew.com.br\/projetos\/mpro\/wp-json\/wp\/v2\/pages"}],"about":[{"href":"https:\/\/agenciacew.com.br\/projetos\/mpro\/wp-json\/wp\/v2\/types\/page"}],"author":[{"embeddable":true,"href":"https:\/\/agenciacew.com.br\/projetos\/mpro\/wp-json\/wp\/v2\/users\/1"}],"replies":[{"embeddable":true,"href":"https:\/\/agenciacew.com.br\/projetos\/mpro\/wp-json\/wp\/v2\/comments?post=2689"}],"version-history":[{"count":20,"href":"https:\/\/agenciacew.com.br\/projetos\/mpro\/wp-json\/wp\/v2\/pages\/2689\/revisions"}],"predecessor-version":[{"id":2868,"href":"https:\/\/agenciacew.com.br\/projetos\/mpro\/wp-json\/wp\/v2\/pages\/2689\/revisions\/2868"}],"wp:attachment":[{"href":"https:\/\/agenciacew.com.br\/projetos\/mpro\/wp-json\/wp\/v2\/media?parent=2689"}],"curies":[{"name":"wp","href":"https:\/\/api.w.org\/{rel}","templated":true}]}}